{"id":4371,"date":"2012-01-25T14:18:35","date_gmt":"2012-01-25T14:18:35","guid":{"rendered":"http:\/\/svwurz.de\/wordpress\/?page_id=2"},"modified":"2024-06-28T06:31:49","modified_gmt":"2024-06-28T04:31:49","slug":"die-halle","status":"publish","type":"page","link":"https:\/\/oschnitthalle.de\/?page_id=4371","title":{"rendered":"Impressum"},"content":{"rendered":"\t\t<div data-elementor-type=\"wp-page\" data-elementor-id=\"4371\" class=\"elementor elementor-4371\">\n\t\t\t\t\t\t<section class=\"elementor-section elementor-top-section elementor-element elementor-element-26ec41d6 elementor-section-boxed elementor-section-height-default elementor-section-height-default\" data-id=\"26ec41d6\" data-element_type=\"section\">\n\t\t\t\t\t\t<div class=\"elementor-container elementor-column-gap-default\">\n\t\t\t\t\t<div class=\"elementor-column elementor-col-100 elementor-top-column elementor-element elementor-element-36768f\" data-id=\"36768f\" data-element_type=\"column\">\n\t\t\t<div class=\"elementor-widget-wrap elementor-element-populated\">\n\t\t\t\t\t\t<div class=\"elementor-element elementor-element-326ca2e4 elementor-widget elementor-widget-text-editor\" data-id=\"326ca2e4\" data-element_type=\"widget\" data-widget_type=\"text-editor.default\">\n\t\t\t\t<div class=\"elementor-widget-container\">\n\t\t\t\t\t\t\t\t\t<h2>Verantwortlich f\u00fcr diese Seiten<\/h2><div><p><strong>Wurzer Hallenbau GbR (Wurzer Hogerer und SV Wurz)<\/strong><\/p><p>Gesch\u00e4ftsf\u00fchrer<br \/>Tom Kreuzer<br \/>Am Gries 9<br \/>92715 Wurz<\/p><p>Mobil 01 75 \/ 54 76 78 2<\/p><p><br \/>Mail: oschnitthalle@gmail.com<\/p><\/div>\t\t\t\t\t\t\t\t<\/div>\n\t\t\t\t<\/div>\n\t\t\t\t\t<\/div>\n\t\t<\/div>\n\t\t\t\t\t<\/div>\n\t\t<\/section>\n\t\t\t\t<\/div>\n\t\t","protected":false},"excerpt":{"rendered":"<p>Verantwortlich f\u00fcr diese Seiten Wurzer Hallenbau GbR (Wurzer Hogerer und SV Wurz) Gesch\u00e4ftsf\u00fchrerTom KreuzerAm Gries 992715 Wurz Mobil 01 75 \/ 54 76 78 2 Mail: oschnitthalle@gmail.com<\/p>\n","protected":false},"author":2,"featured_media":0,"parent":0,"menu_order":0,"comment_status":"open","ping_status":"open","template":"","meta":{"ngg_post_thumbnail":0,"footnotes":""},"class_list":["post-4371","page","type-page","status-publish","hentry"],"_links":{"self":[{"href":"https:\/\/oschnitthalle.de\/index.php?rest_route=\/wp\/v2\/pages\/4371","targetHints":{"allow":["GET"]}}],"collection":[{"href":"https:\/\/oschnitthalle.de\/index.php?rest_route=\/wp\/v2\/pages"}],"about":[{"href":"https:\/\/oschnitthalle.de\/index.php?rest_route=\/wp\/v2\/types\/page"}],"author":[{"embeddable":true,"href":"https:\/\/oschnitthalle.de\/index.php?rest_route=\/wp\/v2\/users\/2"}],"replies":[{"embeddable":true,"href":"https:\/\/oschnitthalle.de\/index.php?rest_route=%2Fwp%2Fv2%2Fcomments&post=4371"}],"version-history":[{"count":6,"href":"https:\/\/oschnitthalle.de\/index.php?rest_route=\/wp\/v2\/pages\/4371\/revisions"}],"predecessor-version":[{"id":9655,"href":"https:\/\/oschnitthalle.de\/index.php?rest_route=\/wp\/v2\/pages\/4371\/revisions\/9655"}],"wp:attachment":[{"href":"https:\/\/oschnitthalle.de\/index.php?rest_route=%2Fwp%2Fv2%2Fmedia&parent=4371"}],"curies":[{"name":"wp","href":"https:\/\/api.w.org\/{rel}","templated":true}]}}